{"id":3291,"date":"2016-02-29T12:21:00","date_gmt":"2016-02-29T11:21:00","guid":{"rendered":"http:\/\/ibu-epd.com\/en\/?page_id=3291"},"modified":"2017-04-12T14:26:15","modified_gmt":"2017-04-12T12:26:15","slug":"sustainova","status":"publish","type":"page","link":"https:\/\/ibu-epd.com\/en\/sustainova\/","title":{"rendered":"Sustainova"},"content":{"rendered":"<h2>SUSTAiNOVA Sustainability Consulting<\/h2>\n<p><span style=\"text-decoration: underline;\">Address<a href=\"http:\/\/ibu-epd.com\/wp-content\/uploads\/2015\/12\/SUSTAiNOVA_Sustainability_Consulting_logo-e1452776670412.jpg\"><img decoding=\"async\" class=\"size-medium wp-image-1044 alignright\" src=\"http:\/\/ibu-epd.com\/wp-content\/uploads\/2015\/12\/SUSTAiNOVA_Sustainability_Consulting_logo-300x57.jpg\" alt=\"sustainova-logo-son\" width=\"300\" height=\"57\" \/><\/a><\/span><br \/>\nFransiz Gecidi \u0130s Merkezi Kemankes Mah No:1\/29 Kat:1 Karak\u00f6y Beyo\u011flu<br \/>\n\u0130stanbul<br \/>\nTURKEY<\/p>\n<p><span style=\"text-decoration: underline;\">Contact<br \/>\n<\/span>Tuba Atabey<br \/>\nTel.: +90 212 293 26 60<br \/>\nMobile: +90 532 573 21 53<br \/>\n<a href=\"mailto:tuba.atabey@sustainova.com.tr\" target=\"_blank\">tuba.atabey@sustainova.com.tr<\/a><br \/>\n<a href=\"http:\/\/www.sustainova.com.tr\" target=\"_blank\">www.sustainova.com.tr<\/a><\/p>\n<p>&nbsp;<\/p>\n","protected":false},"excerpt":{"rendered":"<p>SUSTAiNOVA Sustainability Consulting Address Fransiz Gecidi \u0130s Merkezi Kemankes Mah No:1\/29 Kat:1 Karak\u00f6y Beyo\u011flu \u0130stanbul TURKEY Contact Tuba Atabey Tel.: +90 212 293 26 60 Mobile: +90 532 573 21 53 tuba.atabey@sustainova.com.tr www.sustainova.com.tr &nbsp;<\/p>\n","protected":false},"author":3,"featured_media":0,"parent":0,"menu_order":0,"comment_status":"closed","ping_status":"closed","template":"","meta":{"_bbp_topic_count":0,"_bbp_reply_count":0,"_bbp_total_topic_count":0,"_bbp_total_reply_count":0,"_bbp_voice_count":0,"_bbp_anonymous_reply_count":0,"_bbp_topic_count_hidden":0,"_bbp_reply_count_hidden":0,"_bbp_forum_subforum_count":0,"ngg_post_thumbnail":0,"footnotes":""},"class_list":["post-3291","page","type-page","status-publish","hentry"],"yoast_head":"<!-- This site is optimized with the Yoast SEO plugin v27.4 - https:\/\/yoast.com\/product\/yoast-seo-wordpress\/ -->\n<title>Sustainova | Institut Bauen und Umwelt e.V.<\/title>\n<meta name=\"robots\" content=\"index, follow, max-snippet:-1, max-image-preview:large, max-video-preview:-1\" \/>\n<link rel=\"canonical\" href=\"https:\/\/ibu-epd.com\/sustainova\/\" \/>\n<meta property=\"og:locale\" content=\"en_US\" \/>\n<meta property=\"og:type\" content=\"article\" \/>\n<meta property=\"og:title\" content=\"Sustainova | Institut Bauen und Umwelt e.V.\" \/>\n<meta property=\"og:description\" content=\"SUSTAiNOVA Sustainability Consulting Address Fransiz Gecidi \u0130s Merkezi Kemankes Mah No:1\/29 Kat:1 Karak\u00f6y Beyo\u011flu \u0130stanbul TURKEY Contact Tuba Atabey Tel.: +90 212 293 26 60 Mobile: +90 532 573 21 53 tuba.atabey@sustainova.com.tr www.sustainova.com.tr &nbsp;\" \/>\n<meta property=\"og:url\" content=\"https:\/\/ibu-epd.com\/sustainova\/\" \/>\n<meta property=\"og:site_name\" content=\"Institut Bauen und Umwelt e.V.\" \/>\n<meta property=\"article:modified_time\" content=\"2017-04-12T12:26:15+00:00\" \/>\n<meta property=\"og:image\" content=\"http:\/\/ibu-epd.com\/wp-content\/uploads\/2015\/12\/SUSTAiNOVA_Sustainability_Consulting_logo-300x57.jpg\" \/>\n<meta name=\"twitter:card\" content=\"summary_large_image\" \/>\n<meta name=\"twitter:site\" content=\"@IBU_EPD\" \/>\n<script type=\"application\/ld+json\" class=\"yoast-schema-graph\">{\"@context\":\"https:\\\/\\\/schema.org\",\"@graph\":[{\"@type\":\"WebPage\",\"@id\":\"https:\\\/\\\/ibu-epd.com\\\/sustainova\\\/\",\"url\":\"https:\\\/\\\/ibu-epd.com\\\/sustainova\\\/\",\"name\":\"Sustainova | Institut Bauen und Umwelt e.V.\",\"isPartOf\":{\"@id\":\"https:\\\/\\\/ibu-epd.com\\\/en\\\/#website\"},\"primaryImageOfPage\":{\"@id\":\"https:\\\/\\\/ibu-epd.com\\\/sustainova\\\/#primaryimage\"},\"image\":{\"@id\":\"https:\\\/\\\/ibu-epd.com\\\/sustainova\\\/#primaryimage\"},\"thumbnailUrl\":\"http:\\\/\\\/ibu-epd.com\\\/wp-content\\\/uploads\\\/2015\\\/12\\\/SUSTAiNOVA_Sustainability_Consulting_logo-300x57.jpg\",\"datePublished\":\"2016-02-29T11:21:00+00:00\",\"dateModified\":\"2017-04-12T12:26:15+00:00\",\"breadcrumb\":{\"@id\":\"https:\\\/\\\/ibu-epd.com\\\/sustainova\\\/#breadcrumb\"},\"inLanguage\":\"en-US\",\"potentialAction\":[{\"@type\":\"ReadAction\",\"target\":[\"https:\\\/\\\/ibu-epd.com\\\/sustainova\\\/\"]}]},{\"@type\":\"ImageObject\",\"inLanguage\":\"en-US\",\"@id\":\"https:\\\/\\\/ibu-epd.com\\\/sustainova\\\/#primaryimage\",\"url\":\"http:\\\/\\\/ibu-epd.com\\\/wp-content\\\/uploads\\\/2015\\\/12\\\/SUSTAiNOVA_Sustainability_Consulting_logo-300x57.jpg\",\"contentUrl\":\"http:\\\/\\\/ibu-epd.com\\\/wp-content\\\/uploads\\\/2015\\\/12\\\/SUSTAiNOVA_Sustainability_Consulting_logo-300x57.jpg\"},{\"@type\":\"BreadcrumbList\",\"@id\":\"https:\\\/\\\/ibu-epd.com\\\/sustainova\\\/#breadcrumb\",\"itemListElement\":[{\"@type\":\"ListItem\",\"position\":1,\"name\":\"Home\",\"item\":\"https:\\\/\\\/ibu-epd.com\\\/en\\\/\"},{\"@type\":\"ListItem\",\"position\":2,\"name\":\"Sustainova\"}]},{\"@type\":\"WebSite\",\"@id\":\"https:\\\/\\\/ibu-epd.com\\\/en\\\/#website\",\"url\":\"https:\\\/\\\/ibu-epd.com\\\/en\\\/\",\"name\":\"IBU - Institut Bauen und Umwelt e.V.\",\"description\":\"Das Detail im Fokus. Das ganze im Blick.\",\"publisher\":{\"@id\":\"https:\\\/\\\/ibu-epd.com\\\/en\\\/#organization\"},\"potentialAction\":[{\"@type\":\"SearchAction\",\"target\":{\"@type\":\"EntryPoint\",\"urlTemplate\":\"https:\\\/\\\/ibu-epd.com\\\/en\\\/?s={search_term_string}\"},\"query-input\":{\"@type\":\"PropertyValueSpecification\",\"valueRequired\":true,\"valueName\":\"search_term_string\"}}],\"inLanguage\":\"en-US\"},{\"@type\":\"Organization\",\"@id\":\"https:\\\/\\\/ibu-epd.com\\\/en\\\/#organization\",\"name\":\"Institut Bauen und Umwelt e.V.\",\"url\":\"https:\\\/\\\/ibu-epd.com\\\/en\\\/\",\"logo\":{\"@type\":\"ImageObject\",\"inLanguage\":\"en-US\",\"@id\":\"https:\\\/\\\/ibu-epd.com\\\/en\\\/#\\\/schema\\\/logo\\\/image\\\/\",\"url\":\"https:\\\/\\\/ibu-epd.com\\\/wp-content\\\/uploads\\\/2016\\\/01\\\/ibu_logo_rgb_outline-weiss-retina.png\",\"contentUrl\":\"https:\\\/\\\/ibu-epd.com\\\/wp-content\\\/uploads\\\/2016\\\/01\\\/ibu_logo_rgb_outline-weiss-retina.png\",\"width\":250,\"height\":281,\"caption\":\"Institut Bauen und Umwelt e.V.\"},\"image\":{\"@id\":\"https:\\\/\\\/ibu-epd.com\\\/en\\\/#\\\/schema\\\/logo\\\/image\\\/\"},\"sameAs\":[\"https:\\\/\\\/x.com\\\/IBU_EPD\"]}]}<\/script>\n<!-- \/ Yoast SEO plugin. -->","yoast_head_json":{"title":"Sustainova | Institut Bauen und Umwelt e.V.","robots":{"index":"index","follow":"follow","max-snippet":"max-snippet:-1","max-image-preview":"max-image-preview:large","max-video-preview":"max-video-preview:-1"},"canonical":"https:\/\/ibu-epd.com\/sustainova\/","og_locale":"en_US","og_type":"article","og_title":"Sustainova | Institut Bauen und Umwelt e.V.","og_description":"SUSTAiNOVA Sustainability Consulting Address Fransiz Gecidi \u0130s Merkezi Kemankes Mah No:1\/29 Kat:1 Karak\u00f6y Beyo\u011flu \u0130stanbul TURKEY Contact Tuba Atabey Tel.: +90 212 293 26 60 Mobile: +90 532 573 21 53 tuba.atabey@sustainova.com.tr www.sustainova.com.tr &nbsp;","og_url":"https:\/\/ibu-epd.com\/sustainova\/","og_site_name":"Institut Bauen und Umwelt e.V.","article_modified_time":"2017-04-12T12:26:15+00:00","og_image":[{"url":"http:\/\/ibu-epd.com\/wp-content\/uploads\/2015\/12\/SUSTAiNOVA_Sustainability_Consulting_logo-300x57.jpg","type":"","width":"","height":""}],"twitter_card":"summary_large_image","twitter_site":"@IBU_EPD","schema":{"@context":"https:\/\/schema.org","@graph":[{"@type":"WebPage","@id":"https:\/\/ibu-epd.com\/sustainova\/","url":"https:\/\/ibu-epd.com\/sustainova\/","name":"Sustainova | Institut Bauen und Umwelt e.V.","isPartOf":{"@id":"https:\/\/ibu-epd.com\/en\/#website"},"primaryImageOfPage":{"@id":"https:\/\/ibu-epd.com\/sustainova\/#primaryimage"},"image":{"@id":"https:\/\/ibu-epd.com\/sustainova\/#primaryimage"},"thumbnailUrl":"http:\/\/ibu-epd.com\/wp-content\/uploads\/2015\/12\/SUSTAiNOVA_Sustainability_Consulting_logo-300x57.jpg","datePublished":"2016-02-29T11:21:00+00:00","dateModified":"2017-04-12T12:26:15+00:00","breadcrumb":{"@id":"https:\/\/ibu-epd.com\/sustainova\/#breadcrumb"},"inLanguage":"en-US","potentialAction":[{"@type":"ReadAction","target":["https:\/\/ibu-epd.com\/sustainova\/"]}]},{"@type":"ImageObject","inLanguage":"en-US","@id":"https:\/\/ibu-epd.com\/sustainova\/#primaryimage","url":"http:\/\/ibu-epd.com\/wp-content\/uploads\/2015\/12\/SUSTAiNOVA_Sustainability_Consulting_logo-300x57.jpg","contentUrl":"http:\/\/ibu-epd.com\/wp-content\/uploads\/2015\/12\/SUSTAiNOVA_Sustainability_Consulting_logo-300x57.jpg"},{"@type":"BreadcrumbList","@id":"https:\/\/ibu-epd.com\/sustainova\/#breadcrumb","itemListElement":[{"@type":"ListItem","position":1,"name":"Home","item":"https:\/\/ibu-epd.com\/en\/"},{"@type":"ListItem","position":2,"name":"Sustainova"}]},{"@type":"WebSite","@id":"https:\/\/ibu-epd.com\/en\/#website","url":"https:\/\/ibu-epd.com\/en\/","name":"IBU - Institut Bauen und Umwelt e.V.","description":"Das Detail im Fokus. Das ganze im Blick.","publisher":{"@id":"https:\/\/ibu-epd.com\/en\/#organization"},"potentialAction":[{"@type":"SearchAction","target":{"@type":"EntryPoint","urlTemplate":"https:\/\/ibu-epd.com\/en\/?s={search_term_string}"},"query-input":{"@type":"PropertyValueSpecification","valueRequired":true,"valueName":"search_term_string"}}],"inLanguage":"en-US"},{"@type":"Organization","@id":"https:\/\/ibu-epd.com\/en\/#organization","name":"Institut Bauen und Umwelt e.V.","url":"https:\/\/ibu-epd.com\/en\/","logo":{"@type":"ImageObject","inLanguage":"en-US","@id":"https:\/\/ibu-epd.com\/en\/#\/schema\/logo\/image\/","url":"https:\/\/ibu-epd.com\/wp-content\/uploads\/2016\/01\/ibu_logo_rgb_outline-weiss-retina.png","contentUrl":"https:\/\/ibu-epd.com\/wp-content\/uploads\/2016\/01\/ibu_logo_rgb_outline-weiss-retina.png","width":250,"height":281,"caption":"Institut Bauen und Umwelt e.V."},"image":{"@id":"https:\/\/ibu-epd.com\/en\/#\/schema\/logo\/image\/"},"sameAs":["https:\/\/x.com\/IBU_EPD"]}]}},"_links":{"self":[{"href":"https:\/\/ibu-epd.com\/en\/wp-json\/wp\/v2\/pages\/3291","targetHints":{"allow":["GET"]}}],"collection":[{"href":"https:\/\/ibu-epd.com\/en\/wp-json\/wp\/v2\/pages"}],"about":[{"href":"https:\/\/ibu-epd.com\/en\/wp-json\/wp\/v2\/types\/page"}],"author":[{"embeddable":true,"href":"https:\/\/ibu-epd.com\/en\/wp-json\/wp\/v2\/users\/3"}],"replies":[{"embeddable":true,"href":"https:\/\/ibu-epd.com\/en\/wp-json\/wp\/v2\/comments?post=3291"}],"version-history":[{"count":0,"href":"https:\/\/ibu-epd.com\/en\/wp-json\/wp\/v2\/pages\/3291\/revisions"}],"wp:attachment":[{"href":"https:\/\/ibu-epd.com\/en\/wp-json\/wp\/v2\/media?parent=3291"}],"curies":[{"name":"wp","href":"https:\/\/api.w.org\/{rel}","templated":true}]}}