{"id":3287,"date":"2016-02-29T12:18:46","date_gmt":"2016-02-29T11:18:46","guid":{"rendered":"http:\/\/ibu-epd.com\/en\/?page_id=3287"},"modified":"2025-02-04T14:43:27","modified_gmt":"2025-02-04T13:43:27","slug":"erke","status":"publish","type":"page","link":"https:\/\/ibu-epd.com\/en\/erke\/","title":{"rendered":"Erke"},"content":{"rendered":"<h2>ERKE S\u00fcrd\u00fcr\u00fclebilir Bina Tasar\u0131m Dan\u0131\u015fmanl\u0131k Ltd. \u015eti.<\/h2>\n<p><span style=\"text-decoration: underline;\">Address<a href=\"http:\/\/ibu-epd.com\/wp-content\/uploads\/2015\/12\/erke2-e1452774545299.jpg\"><img decoding=\"async\" class=\"size-medium wp-image-1023 alignright\" src=\"https:\/\/ibu-epd.com\/wp-content\/uploads\/2015\/12\/erke2-300x142.jpg\" alt=\"erke2\" width=\"300\" height=\"142\"><\/a><\/span><br \/>\nKisikli mahallesi, Hanimseti sokak No:5<br \/>\nUskudar\/ Istanbul<br \/>\nTURKEY<\/p>\n<p><span style=\"text-decoration: underline;\">Contact<br \/>\n<\/span>Tel: +90 216 3697393<br \/>\n<a href=\"mailto:info@erketasarim.com\" target=\"_blank\" rel=\"noopener noreferrer\">info@erketasarim.com<\/a><br \/>\nwww.erketasarim.com<\/p>\n","protected":false},"excerpt":{"rendered":"<p>ERKE S\u00fcrd\u00fcr\u00fclebilir Bina Tasar\u0131m Dan\u0131\u015fmanl\u0131k Ltd. \u015eti. Address Kisikli mahallesi, Hanimseti sokak No:5 Uskudar\/ Istanbul TURKEY Contact Tel: +90 216 3697393 info@erketasarim.com www.erketasarim.com<\/p>\n","protected":false},"author":3,"featured_media":0,"parent":0,"menu_order":0,"comment_status":"closed","ping_status":"closed","template":"","meta":{"_bbp_topic_count":0,"_bbp_reply_count":0,"_bbp_total_topic_count":0,"_bbp_total_reply_count":0,"_bbp_voice_count":0,"_bbp_anonymous_reply_count":0,"_bbp_topic_count_hidden":0,"_bbp_reply_count_hidden":0,"_bbp_forum_subforum_count":0,"ngg_post_thumbnail":0,"footnotes":""},"class_list":["post-3287","page","type-page","status-publish","hentry"],"yoast_head":"<!-- This site is optimized with the Yoast SEO plugin v27.0 - https:\/\/yoast.com\/product\/yoast-seo-wordpress\/ -->\n<title>Erke | Institut Bauen und Umwelt e.V.<\/title>\n<meta name=\"robots\" content=\"index, follow, max-snippet:-1, max-image-preview:large, max-video-preview:-1\" \/>\n<link rel=\"canonical\" href=\"https:\/\/ibu-epd.com\/erke\/\" \/>\n<meta property=\"og:locale\" content=\"en_US\" \/>\n<meta property=\"og:type\" content=\"article\" \/>\n<meta property=\"og:title\" content=\"Erke | Institut Bauen und Umwelt e.V.\" \/>\n<meta property=\"og:description\" content=\"ERKE S\u00fcrd\u00fcr\u00fclebilir Bina Tasar\u0131m Dan\u0131\u015fmanl\u0131k Ltd. \u015eti. Address Kisikli mahallesi, Hanimseti sokak No:5 Uskudar\/ Istanbul TURKEY Contact Tel: +90 216 3697393 info@erketasarim.com www.erketasarim.com\" \/>\n<meta property=\"og:url\" content=\"https:\/\/ibu-epd.com\/erke\/\" \/>\n<meta property=\"og:site_name\" content=\"Institut Bauen und Umwelt e.V.\" \/>\n<meta property=\"article:modified_time\" content=\"2025-02-04T13:43:27+00:00\" \/>\n<meta property=\"og:image\" content=\"https:\/\/ibu-epd.com\/wp-content\/uploads\/2015\/12\/erke2-300x142.jpg\" \/>\n<meta name=\"twitter:card\" content=\"summary_large_image\" \/>\n<meta name=\"twitter:site\" content=\"@IBU_EPD\" \/>\n<script type=\"application\/ld+json\" class=\"yoast-schema-graph\">{\"@context\":\"https:\/\/schema.org\",\"@graph\":[{\"@type\":\"WebPage\",\"@id\":\"https:\/\/ibu-epd.com\/erke\/\",\"url\":\"https:\/\/ibu-epd.com\/erke\/\",\"name\":\"Erke | Institut Bauen und Umwelt e.V.\",\"isPartOf\":{\"@id\":\"https:\/\/ibu-epd.com\/en\/#website\"},\"primaryImageOfPage\":{\"@id\":\"https:\/\/ibu-epd.com\/erke\/#primaryimage\"},\"image\":{\"@id\":\"https:\/\/ibu-epd.com\/erke\/#primaryimage\"},\"thumbnailUrl\":\"https:\/\/ibu-epd.com\/wp-content\/uploads\/2015\/12\/erke2-300x142.jpg\",\"datePublished\":\"2016-02-29T11:18:46+00:00\",\"dateModified\":\"2025-02-04T13:43:27+00:00\",\"breadcrumb\":{\"@id\":\"https:\/\/ibu-epd.com\/erke\/#breadcrumb\"},\"inLanguage\":\"en-US\",\"potentialAction\":[{\"@type\":\"ReadAction\",\"target\":[\"https:\/\/ibu-epd.com\/erke\/\"]}]},{\"@type\":\"ImageObject\",\"inLanguage\":\"en-US\",\"@id\":\"https:\/\/ibu-epd.com\/erke\/#primaryimage\",\"url\":\"https:\/\/ibu-epd.com\/wp-content\/uploads\/2015\/12\/erke2-300x142.jpg\",\"contentUrl\":\"https:\/\/ibu-epd.com\/wp-content\/uploads\/2015\/12\/erke2-300x142.jpg\"},{\"@type\":\"BreadcrumbList\",\"@id\":\"https:\/\/ibu-epd.com\/erke\/#breadcrumb\",\"itemListElement\":[{\"@type\":\"ListItem\",\"position\":1,\"name\":\"Home\",\"item\":\"https:\/\/ibu-epd.com\/en\/\"},{\"@type\":\"ListItem\",\"position\":2,\"name\":\"Erke\"}]},{\"@type\":\"WebSite\",\"@id\":\"https:\/\/ibu-epd.com\/en\/#website\",\"url\":\"https:\/\/ibu-epd.com\/en\/\",\"name\":\"IBU - Institut Bauen und Umwelt e.V.\",\"description\":\"Das Detail im Fokus. Das ganze im Blick.\",\"publisher\":{\"@id\":\"https:\/\/ibu-epd.com\/en\/#organization\"},\"potentialAction\":[{\"@type\":\"SearchAction\",\"target\":{\"@type\":\"EntryPoint\",\"urlTemplate\":\"https:\/\/ibu-epd.com\/en\/?s={search_term_string}\"},\"query-input\":{\"@type\":\"PropertyValueSpecification\",\"valueRequired\":true,\"valueName\":\"search_term_string\"}}],\"inLanguage\":\"en-US\"},{\"@type\":\"Organization\",\"@id\":\"https:\/\/ibu-epd.com\/en\/#organization\",\"name\":\"Institut Bauen und Umwelt e.V.\",\"url\":\"https:\/\/ibu-epd.com\/en\/\",\"logo\":{\"@type\":\"ImageObject\",\"inLanguage\":\"en-US\",\"@id\":\"https:\/\/ibu-epd.com\/en\/#\/schema\/logo\/image\/\",\"url\":\"https:\/\/ibu-epd.com\/wp-content\/uploads\/2016\/01\/ibu_logo_rgb_outline-weiss-retina.png\",\"contentUrl\":\"https:\/\/ibu-epd.com\/wp-content\/uploads\/2016\/01\/ibu_logo_rgb_outline-weiss-retina.png\",\"width\":250,\"height\":281,\"caption\":\"Institut Bauen und Umwelt e.V.\"},\"image\":{\"@id\":\"https:\/\/ibu-epd.com\/en\/#\/schema\/logo\/image\/\"},\"sameAs\":[\"https:\/\/x.com\/IBU_EPD\"]}]}<\/script>\n<!-- \/ Yoast SEO plugin. -->","yoast_head_json":{"title":"Erke | Institut Bauen und Umwelt e.V.","robots":{"index":"index","follow":"follow","max-snippet":"max-snippet:-1","max-image-preview":"max-image-preview:large","max-video-preview":"max-video-preview:-1"},"canonical":"https:\/\/ibu-epd.com\/erke\/","og_locale":"en_US","og_type":"article","og_title":"Erke | Institut Bauen und Umwelt e.V.","og_description":"ERKE S\u00fcrd\u00fcr\u00fclebilir Bina Tasar\u0131m Dan\u0131\u015fmanl\u0131k Ltd. \u015eti. Address Kisikli mahallesi, Hanimseti sokak No:5 Uskudar\/ Istanbul TURKEY Contact Tel: +90 216 3697393 info@erketasarim.com www.erketasarim.com","og_url":"https:\/\/ibu-epd.com\/erke\/","og_site_name":"Institut Bauen und Umwelt e.V.","article_modified_time":"2025-02-04T13:43:27+00:00","og_image":[{"url":"https:\/\/ibu-epd.com\/wp-content\/uploads\/2015\/12\/erke2-300x142.jpg","type":"","width":"","height":""}],"twitter_card":"summary_large_image","twitter_site":"@IBU_EPD","schema":{"@context":"https:\/\/schema.org","@graph":[{"@type":"WebPage","@id":"https:\/\/ibu-epd.com\/erke\/","url":"https:\/\/ibu-epd.com\/erke\/","name":"Erke | Institut Bauen und Umwelt e.V.","isPartOf":{"@id":"https:\/\/ibu-epd.com\/en\/#website"},"primaryImageOfPage":{"@id":"https:\/\/ibu-epd.com\/erke\/#primaryimage"},"image":{"@id":"https:\/\/ibu-epd.com\/erke\/#primaryimage"},"thumbnailUrl":"https:\/\/ibu-epd.com\/wp-content\/uploads\/2015\/12\/erke2-300x142.jpg","datePublished":"2016-02-29T11:18:46+00:00","dateModified":"2025-02-04T13:43:27+00:00","breadcrumb":{"@id":"https:\/\/ibu-epd.com\/erke\/#breadcrumb"},"inLanguage":"en-US","potentialAction":[{"@type":"ReadAction","target":["https:\/\/ibu-epd.com\/erke\/"]}]},{"@type":"ImageObject","inLanguage":"en-US","@id":"https:\/\/ibu-epd.com\/erke\/#primaryimage","url":"https:\/\/ibu-epd.com\/wp-content\/uploads\/2015\/12\/erke2-300x142.jpg","contentUrl":"https:\/\/ibu-epd.com\/wp-content\/uploads\/2015\/12\/erke2-300x142.jpg"},{"@type":"BreadcrumbList","@id":"https:\/\/ibu-epd.com\/erke\/#breadcrumb","itemListElement":[{"@type":"ListItem","position":1,"name":"Home","item":"https:\/\/ibu-epd.com\/en\/"},{"@type":"ListItem","position":2,"name":"Erke"}]},{"@type":"WebSite","@id":"https:\/\/ibu-epd.com\/en\/#website","url":"https:\/\/ibu-epd.com\/en\/","name":"IBU - Institut Bauen und Umwelt e.V.","description":"Das Detail im Fokus. Das ganze im Blick.","publisher":{"@id":"https:\/\/ibu-epd.com\/en\/#organization"},"potentialAction":[{"@type":"SearchAction","target":{"@type":"EntryPoint","urlTemplate":"https:\/\/ibu-epd.com\/en\/?s={search_term_string}"},"query-input":{"@type":"PropertyValueSpecification","valueRequired":true,"valueName":"search_term_string"}}],"inLanguage":"en-US"},{"@type":"Organization","@id":"https:\/\/ibu-epd.com\/en\/#organization","name":"Institut Bauen und Umwelt e.V.","url":"https:\/\/ibu-epd.com\/en\/","logo":{"@type":"ImageObject","inLanguage":"en-US","@id":"https:\/\/ibu-epd.com\/en\/#\/schema\/logo\/image\/","url":"https:\/\/ibu-epd.com\/wp-content\/uploads\/2016\/01\/ibu_logo_rgb_outline-weiss-retina.png","contentUrl":"https:\/\/ibu-epd.com\/wp-content\/uploads\/2016\/01\/ibu_logo_rgb_outline-weiss-retina.png","width":250,"height":281,"caption":"Institut Bauen und Umwelt e.V."},"image":{"@id":"https:\/\/ibu-epd.com\/en\/#\/schema\/logo\/image\/"},"sameAs":["https:\/\/x.com\/IBU_EPD"]}]}},"_links":{"self":[{"href":"https:\/\/ibu-epd.com\/en\/wp-json\/wp\/v2\/pages\/3287","targetHints":{"allow":["GET"]}}],"collection":[{"href":"https:\/\/ibu-epd.com\/en\/wp-json\/wp\/v2\/pages"}],"about":[{"href":"https:\/\/ibu-epd.com\/en\/wp-json\/wp\/v2\/types\/page"}],"author":[{"embeddable":true,"href":"https:\/\/ibu-epd.com\/en\/wp-json\/wp\/v2\/users\/3"}],"replies":[{"embeddable":true,"href":"https:\/\/ibu-epd.com\/en\/wp-json\/wp\/v2\/comments?post=3287"}],"version-history":[{"count":2,"href":"https:\/\/ibu-epd.com\/en\/wp-json\/wp\/v2\/pages\/3287\/revisions"}],"predecessor-version":[{"id":22032,"href":"https:\/\/ibu-epd.com\/en\/wp-json\/wp\/v2\/pages\/3287\/revisions\/22032"}],"wp:attachment":[{"href":"https:\/\/ibu-epd.com\/en\/wp-json\/wp\/v2\/media?parent=3287"}],"curies":[{"name":"wp","href":"https:\/\/api.w.org\/{rel}","templated":true}]}}