{"id":2824,"date":"2016-02-18T11:34:41","date_gmt":"2016-02-18T10:34:41","guid":{"rendered":"http:\/\/ibu-epd.com\/en\/?page_id=2824"},"modified":"2024-07-12T08:55:41","modified_gmt":"2024-07-12T06:55:41","slug":"gaenssmantel","status":"publish","type":"page","link":"https:\/\/ibu-epd.com\/en\/cooperations\/gaenssmantel\/","title":{"rendered":"G\u00e4n\u00dfmantel"},"content":{"rendered":"<h2>Ingenieurb\u00fcro G\u00e4n\u00dfmantel<\/h2>\n<p><span style=\"text-decoration: underline;\">Address<a href=\"http:\/\/ibu-epd.com\/wp-content\/uploads\/2015\/12\/ingenieurbuero_gaenssmantel.jpg\"><img decoding=\"async\" class=\"size-full wp-image-1034 alignright\" src=\"http:\/\/ibu-epd.com\/wp-content\/uploads\/2015\/12\/ingenieurbuero_gaenssmantel.jpg\" alt=\"ingenieurb\u00fcro_g\u00e4n\u00dfmantel\" width=\"285\" height=\"87\"><\/a><\/span><br \/>\nSilcherstr. 9<br \/>\n72358 Dormettingen \/ Zollernalb<\/p>\n<p><span style=\"text-decoration: underline;\">Contact<br \/>\n<\/span>Dipl.-Ing. (FH) J\u00fcrgen G\u00e4n\u00dfmantel<br \/>\nTel.: +49 7427 914746<br \/>\nFax: +49 7427 914964<br \/>\nMobile: +49 170 5575229<br \/>\n<a href=\"mailto:buero@gaenssmantel.de\">buero@gaenssmantel.de<\/a><br \/>\nwww.gaenssmantel.com<\/p>\n","protected":false},"excerpt":{"rendered":"<p>Ingenieurb\u00fcro G\u00e4n\u00dfmantel Address Silcherstr. 9 72358 Dormettingen \/ Zollernalb Contact Dipl.-Ing. (FH) J\u00fcrgen G\u00e4n\u00dfmantel Tel.: +49 7427 914746 Fax: +49 7427 914964 Mobile: +49 170 5575229 buero@gaenssmantel.de www.gaenssmantel.com<\/p>\n","protected":false},"author":3,"featured_media":0,"parent":12616,"menu_order":0,"comment_status":"closed","ping_status":"closed","template":"","meta":{"_bbp_topic_count":0,"_bbp_reply_count":0,"_bbp_total_topic_count":0,"_bbp_total_reply_count":0,"_bbp_voice_count":0,"_bbp_anonymous_reply_count":0,"_bbp_topic_count_hidden":0,"_bbp_reply_count_hidden":0,"_bbp_forum_subforum_count":0,"ngg_post_thumbnail":0,"footnotes":""},"class_list":["post-2824","page","type-page","status-publish","hentry"],"yoast_head":"<!-- This site is optimized with the Yoast SEO plugin v27.0 - https:\/\/yoast.com\/product\/yoast-seo-wordpress\/ -->\n<title>G\u00e4n\u00dfmantel | Institut Bauen und Umwelt e.V.<\/title>\n<meta name=\"description\" content=\"Ingenieurb\u00fcro G\u00e4n\u00dfmantel Address Silcherstr. 9, 72358 Dormettingen \/ Zollernalb. Contact Dipl.-Ing. (FH) J\u00fcrgen G\u00e4n\u00dfmantel Tel.: +49 7427 914746\" \/>\n<meta name=\"robots\" content=\"index, follow, max-snippet:-1, max-image-preview:large, max-video-preview:-1\" \/>\n<link rel=\"canonical\" href=\"https:\/\/ibu-epd.com\/en\/cooperations\/gaenssmantel\/\" \/>\n<meta property=\"og:locale\" content=\"en_US\" \/>\n<meta property=\"og:type\" content=\"article\" \/>\n<meta property=\"og:title\" content=\"G\u00e4n\u00dfmantel | Institut Bauen und Umwelt e.V.\" \/>\n<meta property=\"og:description\" content=\"Ingenieurb\u00fcro G\u00e4n\u00dfmantel Address Silcherstr. 9, 72358 Dormettingen \/ Zollernalb. Contact Dipl.-Ing. (FH) J\u00fcrgen G\u00e4n\u00dfmantel Tel.: +49 7427 914746\" \/>\n<meta property=\"og:url\" content=\"https:\/\/ibu-epd.com\/en\/cooperations\/gaenssmantel\/\" \/>\n<meta property=\"og:site_name\" content=\"Institut Bauen und Umwelt e.V.\" \/>\n<meta property=\"article:modified_time\" content=\"2024-07-12T06:55:41+00:00\" \/>\n<meta property=\"og:image\" content=\"http:\/\/ibu-epd.com\/wp-content\/uploads\/2015\/12\/ingenieurbuero_gaenssmantel.jpg\" \/>\n<meta name=\"twitter:card\" content=\"summary_large_image\" \/>\n<meta name=\"twitter:site\" content=\"@IBU_EPD\" \/>\n<script type=\"application\/ld+json\" class=\"yoast-schema-graph\">{\"@context\":\"https:\/\/schema.org\",\"@graph\":[{\"@type\":\"WebPage\",\"@id\":\"https:\/\/ibu-epd.com\/en\/cooperations\/gaenssmantel\/\",\"url\":\"https:\/\/ibu-epd.com\/en\/cooperations\/gaenssmantel\/\",\"name\":\"G\u00e4n\u00dfmantel | Institut Bauen und Umwelt e.V.\",\"isPartOf\":{\"@id\":\"https:\/\/ibu-epd.com\/en\/#website\"},\"primaryImageOfPage\":{\"@id\":\"https:\/\/ibu-epd.com\/en\/cooperations\/gaenssmantel\/#primaryimage\"},\"image\":{\"@id\":\"https:\/\/ibu-epd.com\/en\/cooperations\/gaenssmantel\/#primaryimage\"},\"thumbnailUrl\":\"http:\/\/ibu-epd.com\/wp-content\/uploads\/2015\/12\/ingenieurbuero_gaenssmantel.jpg\",\"datePublished\":\"2016-02-18T10:34:41+00:00\",\"dateModified\":\"2024-07-12T06:55:41+00:00\",\"description\":\"Ingenieurb\u00fcro G\u00e4n\u00dfmantel Address Silcherstr. 9, 72358 Dormettingen \/ Zollernalb. Contact Dipl.-Ing. (FH) J\u00fcrgen G\u00e4n\u00dfmantel Tel.: +49 7427 914746\",\"breadcrumb\":{\"@id\":\"https:\/\/ibu-epd.com\/en\/cooperations\/gaenssmantel\/#breadcrumb\"},\"inLanguage\":\"en-US\",\"potentialAction\":[{\"@type\":\"ReadAction\",\"target\":[\"https:\/\/ibu-epd.com\/en\/cooperations\/gaenssmantel\/\"]}]},{\"@type\":\"ImageObject\",\"inLanguage\":\"en-US\",\"@id\":\"https:\/\/ibu-epd.com\/en\/cooperations\/gaenssmantel\/#primaryimage\",\"url\":\"http:\/\/ibu-epd.com\/wp-content\/uploads\/2015\/12\/ingenieurbuero_gaenssmantel.jpg\",\"contentUrl\":\"http:\/\/ibu-epd.com\/wp-content\/uploads\/2015\/12\/ingenieurbuero_gaenssmantel.jpg\"},{\"@type\":\"BreadcrumbList\",\"@id\":\"https:\/\/ibu-epd.com\/en\/cooperations\/gaenssmantel\/#breadcrumb\",\"itemListElement\":[{\"@type\":\"ListItem\",\"position\":1,\"name\":\"Home\",\"item\":\"https:\/\/ibu-epd.com\/en\/\"},{\"@type\":\"ListItem\",\"position\":2,\"name\":\"Cooperations\",\"item\":\"https:\/\/ibu-epd.com\/en\/cooperations\/\"},{\"@type\":\"ListItem\",\"position\":3,\"name\":\"G\u00e4n\u00dfmantel\"}]},{\"@type\":\"WebSite\",\"@id\":\"https:\/\/ibu-epd.com\/en\/#website\",\"url\":\"https:\/\/ibu-epd.com\/en\/\",\"name\":\"IBU - Institut Bauen und Umwelt e.V.\",\"description\":\"Das Detail im Fokus. Das ganze im Blick.\",\"publisher\":{\"@id\":\"https:\/\/ibu-epd.com\/en\/#organization\"},\"potentialAction\":[{\"@type\":\"SearchAction\",\"target\":{\"@type\":\"EntryPoint\",\"urlTemplate\":\"https:\/\/ibu-epd.com\/en\/?s={search_term_string}\"},\"query-input\":{\"@type\":\"PropertyValueSpecification\",\"valueRequired\":true,\"valueName\":\"search_term_string\"}}],\"inLanguage\":\"en-US\"},{\"@type\":\"Organization\",\"@id\":\"https:\/\/ibu-epd.com\/en\/#organization\",\"name\":\"Institut Bauen und Umwelt e.V.\",\"url\":\"https:\/\/ibu-epd.com\/en\/\",\"logo\":{\"@type\":\"ImageObject\",\"inLanguage\":\"en-US\",\"@id\":\"https:\/\/ibu-epd.com\/en\/#\/schema\/logo\/image\/\",\"url\":\"https:\/\/ibu-epd.com\/wp-content\/uploads\/2016\/01\/ibu_logo_rgb_outline-weiss-retina.png\",\"contentUrl\":\"https:\/\/ibu-epd.com\/wp-content\/uploads\/2016\/01\/ibu_logo_rgb_outline-weiss-retina.png\",\"width\":250,\"height\":281,\"caption\":\"Institut Bauen und Umwelt e.V.\"},\"image\":{\"@id\":\"https:\/\/ibu-epd.com\/en\/#\/schema\/logo\/image\/\"},\"sameAs\":[\"https:\/\/x.com\/IBU_EPD\"]}]}<\/script>\n<!-- \/ Yoast SEO plugin. -->","yoast_head_json":{"title":"G\u00e4n\u00dfmantel | Institut Bauen und Umwelt e.V.","description":"Ingenieurb\u00fcro G\u00e4n\u00dfmantel Address Silcherstr. 9, 72358 Dormettingen \/ Zollernalb. Contact Dipl.-Ing. (FH) J\u00fcrgen G\u00e4n\u00dfmantel Tel.: +49 7427 914746","robots":{"index":"index","follow":"follow","max-snippet":"max-snippet:-1","max-image-preview":"max-image-preview:large","max-video-preview":"max-video-preview:-1"},"canonical":"https:\/\/ibu-epd.com\/en\/cooperations\/gaenssmantel\/","og_locale":"en_US","og_type":"article","og_title":"G\u00e4n\u00dfmantel | Institut Bauen und Umwelt e.V.","og_description":"Ingenieurb\u00fcro G\u00e4n\u00dfmantel Address Silcherstr. 9, 72358 Dormettingen \/ Zollernalb. Contact Dipl.-Ing. (FH) J\u00fcrgen G\u00e4n\u00dfmantel Tel.: +49 7427 914746","og_url":"https:\/\/ibu-epd.com\/en\/cooperations\/gaenssmantel\/","og_site_name":"Institut Bauen und Umwelt e.V.","article_modified_time":"2024-07-12T06:55:41+00:00","og_image":[{"url":"http:\/\/ibu-epd.com\/wp-content\/uploads\/2015\/12\/ingenieurbuero_gaenssmantel.jpg","type":"","width":"","height":""}],"twitter_card":"summary_large_image","twitter_site":"@IBU_EPD","schema":{"@context":"https:\/\/schema.org","@graph":[{"@type":"WebPage","@id":"https:\/\/ibu-epd.com\/en\/cooperations\/gaenssmantel\/","url":"https:\/\/ibu-epd.com\/en\/cooperations\/gaenssmantel\/","name":"G\u00e4n\u00dfmantel | Institut Bauen und Umwelt e.V.","isPartOf":{"@id":"https:\/\/ibu-epd.com\/en\/#website"},"primaryImageOfPage":{"@id":"https:\/\/ibu-epd.com\/en\/cooperations\/gaenssmantel\/#primaryimage"},"image":{"@id":"https:\/\/ibu-epd.com\/en\/cooperations\/gaenssmantel\/#primaryimage"},"thumbnailUrl":"http:\/\/ibu-epd.com\/wp-content\/uploads\/2015\/12\/ingenieurbuero_gaenssmantel.jpg","datePublished":"2016-02-18T10:34:41+00:00","dateModified":"2024-07-12T06:55:41+00:00","description":"Ingenieurb\u00fcro G\u00e4n\u00dfmantel Address Silcherstr. 9, 72358 Dormettingen \/ Zollernalb. Contact Dipl.-Ing. (FH) J\u00fcrgen G\u00e4n\u00dfmantel Tel.: +49 7427 914746","breadcrumb":{"@id":"https:\/\/ibu-epd.com\/en\/cooperations\/gaenssmantel\/#breadcrumb"},"inLanguage":"en-US","potentialAction":[{"@type":"ReadAction","target":["https:\/\/ibu-epd.com\/en\/cooperations\/gaenssmantel\/"]}]},{"@type":"ImageObject","inLanguage":"en-US","@id":"https:\/\/ibu-epd.com\/en\/cooperations\/gaenssmantel\/#primaryimage","url":"http:\/\/ibu-epd.com\/wp-content\/uploads\/2015\/12\/ingenieurbuero_gaenssmantel.jpg","contentUrl":"http:\/\/ibu-epd.com\/wp-content\/uploads\/2015\/12\/ingenieurbuero_gaenssmantel.jpg"},{"@type":"BreadcrumbList","@id":"https:\/\/ibu-epd.com\/en\/cooperations\/gaenssmantel\/#breadcrumb","itemListElement":[{"@type":"ListItem","position":1,"name":"Home","item":"https:\/\/ibu-epd.com\/en\/"},{"@type":"ListItem","position":2,"name":"Cooperations","item":"https:\/\/ibu-epd.com\/en\/cooperations\/"},{"@type":"ListItem","position":3,"name":"G\u00e4n\u00dfmantel"}]},{"@type":"WebSite","@id":"https:\/\/ibu-epd.com\/en\/#website","url":"https:\/\/ibu-epd.com\/en\/","name":"IBU - Institut Bauen und Umwelt e.V.","description":"Das Detail im Fokus. Das ganze im Blick.","publisher":{"@id":"https:\/\/ibu-epd.com\/en\/#organization"},"potentialAction":[{"@type":"SearchAction","target":{"@type":"EntryPoint","urlTemplate":"https:\/\/ibu-epd.com\/en\/?s={search_term_string}"},"query-input":{"@type":"PropertyValueSpecification","valueRequired":true,"valueName":"search_term_string"}}],"inLanguage":"en-US"},{"@type":"Organization","@id":"https:\/\/ibu-epd.com\/en\/#organization","name":"Institut Bauen und Umwelt e.V.","url":"https:\/\/ibu-epd.com\/en\/","logo":{"@type":"ImageObject","inLanguage":"en-US","@id":"https:\/\/ibu-epd.com\/en\/#\/schema\/logo\/image\/","url":"https:\/\/ibu-epd.com\/wp-content\/uploads\/2016\/01\/ibu_logo_rgb_outline-weiss-retina.png","contentUrl":"https:\/\/ibu-epd.com\/wp-content\/uploads\/2016\/01\/ibu_logo_rgb_outline-weiss-retina.png","width":250,"height":281,"caption":"Institut Bauen und Umwelt e.V."},"image":{"@id":"https:\/\/ibu-epd.com\/en\/#\/schema\/logo\/image\/"},"sameAs":["https:\/\/x.com\/IBU_EPD"]}]}},"_links":{"self":[{"href":"https:\/\/ibu-epd.com\/en\/wp-json\/wp\/v2\/pages\/2824","targetHints":{"allow":["GET"]}}],"collection":[{"href":"https:\/\/ibu-epd.com\/en\/wp-json\/wp\/v2\/pages"}],"about":[{"href":"https:\/\/ibu-epd.com\/en\/wp-json\/wp\/v2\/types\/page"}],"author":[{"embeddable":true,"href":"https:\/\/ibu-epd.com\/en\/wp-json\/wp\/v2\/users\/3"}],"replies":[{"embeddable":true,"href":"https:\/\/ibu-epd.com\/en\/wp-json\/wp\/v2\/comments?post=2824"}],"version-history":[{"count":1,"href":"https:\/\/ibu-epd.com\/en\/wp-json\/wp\/v2\/pages\/2824\/revisions"}],"predecessor-version":[{"id":18582,"href":"https:\/\/ibu-epd.com\/en\/wp-json\/wp\/v2\/pages\/2824\/revisions\/18582"}],"up":[{"embeddable":true,"href":"https:\/\/ibu-epd.com\/en\/wp-json\/wp\/v2\/pages\/12616"}],"wp:attachment":[{"href":"https:\/\/ibu-epd.com\/en\/wp-json\/wp\/v2\/media?parent=2824"}],"curies":[{"name":"wp","href":"https:\/\/api.w.org\/{rel}","templated":true}]}}