{"id":2794,"date":"2016-02-18T11:19:38","date_gmt":"2016-02-18T10:19:38","guid":{"rendered":"http:\/\/ibu-epd.com\/en\/?page_id=2794"},"modified":"2017-04-12T14:26:16","modified_gmt":"2017-04-12T12:26:16","slug":"altensis","status":"publish","type":"page","link":"https:\/\/ibu-epd.com\/en\/cooperations\/altensis\/","title":{"rendered":"Altensis"},"content":{"rendered":"<h2>Altensis \u0130n\u015faat Enerji San. Ve Tic. Ltd. \u015eti.<\/h2>\n<p><span style=\"text-decoration: underline;\">Address<a href=\"http:\/\/ibu-epd.com\/wp-content\/uploads\/2015\/12\/altensis_logo-e1452770850892.jpg\"><img decoding=\"async\" class=\"size-medium wp-image-1008 alignright\" src=\"http:\/\/ibu-epd.com\/wp-content\/uploads\/2015\/12\/altensis_logo-300x136.jpg\" alt=\"altensis_logo\" width=\"300\" height=\"136\" \/><\/a><\/span><br \/>\nKay\u0131\u015fda\u011f\u0131 Cad. Bar\u0131\u015f Sk. No:2 Meri\u00e7 Plaza Kat:4 D:3<br \/>\n34750 K.Bakkalk\u00f6y, Ata\u015fehir, \u0130stanbul<br \/>\nTURKEY<\/p>\n<p><span style=\"text-decoration: underline;\">Contact<br \/>\n<\/span>Berkay Somali<br \/>\nTel: +90 216 4106135<br \/>\nFax: +90 216 4106153<br \/>\n<a href=\"mailto:bsomali@altensis.com\" target=\"_blank\">bsomali@altensis.com<\/a> <a href=\"http:\/\/www.altensis.com\" target=\"_blank\"><br \/>\nwww.altensis.com<\/a> <a href=\"http:\/\/www.metsims.com\" target=\"_blank\"><br \/>\n<\/a><\/p>\n","protected":false},"excerpt":{"rendered":"<p>Altensis \u0130n\u015faat Enerji San. Ve Tic. Ltd. \u015eti. Address Kay\u0131\u015fda\u011f\u0131 Cad. Bar\u0131\u015f Sk. No:2 Meri\u00e7 Plaza Kat:4 D:3 34750 K.Bakkalk\u00f6y, Ata\u015fehir, \u0130stanbul TURKEY Contact Berkay Somali Tel: +90 216 4106135 Fax: +90 216 4106153 bsomali@altensis.com www.altensis.com<\/p>\n","protected":false},"author":3,"featured_media":0,"parent":12616,"menu_order":0,"comment_status":"closed","ping_status":"closed","template":"","meta":{"_bbp_topic_count":0,"_bbp_reply_count":0,"_bbp_total_topic_count":0,"_bbp_total_reply_count":0,"_bbp_voice_count":0,"_bbp_anonymous_reply_count":0,"_bbp_topic_count_hidden":0,"_bbp_reply_count_hidden":0,"_bbp_forum_subforum_count":0,"ngg_post_thumbnail":0,"footnotes":""},"class_list":["post-2794","page","type-page","status-publish","hentry"],"yoast_head":"<!-- This site is optimized with the Yoast SEO plugin v27.0 - https:\/\/yoast.com\/product\/yoast-seo-wordpress\/ -->\n<title>Altensis | Institut Bauen und Umwelt e.V.<\/title>\n<meta name=\"description\" content=\"Altensis \u0130n\u015faat Enerji San. Ve Tic. Ltd. \u015eti. Address Kay\u0131\u015fda\u011f\u0131 Cad. Bar\u0131\u015f Sk. No:2 Meri\u00e7 Plaza Kat:4 D:3, 34750 K.Bakkalk\u00f6y, Ata\u015fehir, \u0130stanbul TURKEY.\" \/>\n<meta name=\"robots\" content=\"index, follow, max-snippet:-1, max-image-preview:large, max-video-preview:-1\" \/>\n<link rel=\"canonical\" href=\"https:\/\/ibu-epd.com\/en\/cooperations\/altensis\/\" \/>\n<meta property=\"og:locale\" content=\"en_US\" \/>\n<meta property=\"og:type\" content=\"article\" \/>\n<meta property=\"og:title\" content=\"Altensis | Institut Bauen und Umwelt e.V.\" \/>\n<meta property=\"og:description\" content=\"Altensis \u0130n\u015faat Enerji San. Ve Tic. Ltd. \u015eti. Address Kay\u0131\u015fda\u011f\u0131 Cad. Bar\u0131\u015f Sk. No:2 Meri\u00e7 Plaza Kat:4 D:3, 34750 K.Bakkalk\u00f6y, Ata\u015fehir, \u0130stanbul TURKEY.\" \/>\n<meta property=\"og:url\" content=\"https:\/\/ibu-epd.com\/en\/cooperations\/altensis\/\" \/>\n<meta property=\"og:site_name\" content=\"Institut Bauen und Umwelt e.V.\" \/>\n<meta property=\"article:modified_time\" content=\"2017-04-12T12:26:16+00:00\" \/>\n<meta property=\"og:image\" content=\"http:\/\/ibu-epd.com\/wp-content\/uploads\/2015\/12\/altensis_logo-300x136.jpg\" \/>\n<meta name=\"twitter:card\" content=\"summary_large_image\" \/>\n<meta name=\"twitter:site\" content=\"@IBU_EPD\" \/>\n<script type=\"application\/ld+json\" class=\"yoast-schema-graph\">{\"@context\":\"https:\/\/schema.org\",\"@graph\":[{\"@type\":\"WebPage\",\"@id\":\"https:\/\/ibu-epd.com\/en\/cooperations\/altensis\/\",\"url\":\"https:\/\/ibu-epd.com\/en\/cooperations\/altensis\/\",\"name\":\"Altensis | Institut Bauen und Umwelt e.V.\",\"isPartOf\":{\"@id\":\"https:\/\/ibu-epd.com\/en\/#website\"},\"primaryImageOfPage\":{\"@id\":\"https:\/\/ibu-epd.com\/en\/cooperations\/altensis\/#primaryimage\"},\"image\":{\"@id\":\"https:\/\/ibu-epd.com\/en\/cooperations\/altensis\/#primaryimage\"},\"thumbnailUrl\":\"http:\/\/ibu-epd.com\/wp-content\/uploads\/2015\/12\/altensis_logo-300x136.jpg\",\"datePublished\":\"2016-02-18T10:19:38+00:00\",\"dateModified\":\"2017-04-12T12:26:16+00:00\",\"description\":\"Altensis \u0130n\u015faat Enerji San. Ve Tic. Ltd. \u015eti. Address Kay\u0131\u015fda\u011f\u0131 Cad. Bar\u0131\u015f Sk. No:2 Meri\u00e7 Plaza Kat:4 D:3, 34750 K.Bakkalk\u00f6y, Ata\u015fehir, \u0130stanbul TURKEY.\",\"breadcrumb\":{\"@id\":\"https:\/\/ibu-epd.com\/en\/cooperations\/altensis\/#breadcrumb\"},\"inLanguage\":\"en-US\",\"potentialAction\":[{\"@type\":\"ReadAction\",\"target\":[\"https:\/\/ibu-epd.com\/en\/cooperations\/altensis\/\"]}]},{\"@type\":\"ImageObject\",\"inLanguage\":\"en-US\",\"@id\":\"https:\/\/ibu-epd.com\/en\/cooperations\/altensis\/#primaryimage\",\"url\":\"http:\/\/ibu-epd.com\/wp-content\/uploads\/2015\/12\/altensis_logo-300x136.jpg\",\"contentUrl\":\"http:\/\/ibu-epd.com\/wp-content\/uploads\/2015\/12\/altensis_logo-300x136.jpg\"},{\"@type\":\"BreadcrumbList\",\"@id\":\"https:\/\/ibu-epd.com\/en\/cooperations\/altensis\/#breadcrumb\",\"itemListElement\":[{\"@type\":\"ListItem\",\"position\":1,\"name\":\"Home\",\"item\":\"https:\/\/ibu-epd.com\/en\/\"},{\"@type\":\"ListItem\",\"position\":2,\"name\":\"Cooperations\",\"item\":\"https:\/\/ibu-epd.com\/en\/cooperations\/\"},{\"@type\":\"ListItem\",\"position\":3,\"name\":\"Altensis\"}]},{\"@type\":\"WebSite\",\"@id\":\"https:\/\/ibu-epd.com\/en\/#website\",\"url\":\"https:\/\/ibu-epd.com\/en\/\",\"name\":\"IBU - Institut Bauen und Umwelt e.V.\",\"description\":\"Das Detail im Fokus. Das ganze im Blick.\",\"publisher\":{\"@id\":\"https:\/\/ibu-epd.com\/en\/#organization\"},\"potentialAction\":[{\"@type\":\"SearchAction\",\"target\":{\"@type\":\"EntryPoint\",\"urlTemplate\":\"https:\/\/ibu-epd.com\/en\/?s={search_term_string}\"},\"query-input\":{\"@type\":\"PropertyValueSpecification\",\"valueRequired\":true,\"valueName\":\"search_term_string\"}}],\"inLanguage\":\"en-US\"},{\"@type\":\"Organization\",\"@id\":\"https:\/\/ibu-epd.com\/en\/#organization\",\"name\":\"Institut Bauen und Umwelt e.V.\",\"url\":\"https:\/\/ibu-epd.com\/en\/\",\"logo\":{\"@type\":\"ImageObject\",\"inLanguage\":\"en-US\",\"@id\":\"https:\/\/ibu-epd.com\/en\/#\/schema\/logo\/image\/\",\"url\":\"https:\/\/ibu-epd.com\/wp-content\/uploads\/2016\/01\/ibu_logo_rgb_outline-weiss-retina.png\",\"contentUrl\":\"https:\/\/ibu-epd.com\/wp-content\/uploads\/2016\/01\/ibu_logo_rgb_outline-weiss-retina.png\",\"width\":250,\"height\":281,\"caption\":\"Institut Bauen und Umwelt e.V.\"},\"image\":{\"@id\":\"https:\/\/ibu-epd.com\/en\/#\/schema\/logo\/image\/\"},\"sameAs\":[\"https:\/\/x.com\/IBU_EPD\"]}]}<\/script>\n<!-- \/ Yoast SEO plugin. -->","yoast_head_json":{"title":"Altensis | Institut Bauen und Umwelt e.V.","description":"Altensis \u0130n\u015faat Enerji San. Ve Tic. Ltd. \u015eti. Address Kay\u0131\u015fda\u011f\u0131 Cad. Bar\u0131\u015f Sk. No:2 Meri\u00e7 Plaza Kat:4 D:3, 34750 K.Bakkalk\u00f6y, Ata\u015fehir, \u0130stanbul TURKEY.","robots":{"index":"index","follow":"follow","max-snippet":"max-snippet:-1","max-image-preview":"max-image-preview:large","max-video-preview":"max-video-preview:-1"},"canonical":"https:\/\/ibu-epd.com\/en\/cooperations\/altensis\/","og_locale":"en_US","og_type":"article","og_title":"Altensis | Institut Bauen und Umwelt e.V.","og_description":"Altensis \u0130n\u015faat Enerji San. Ve Tic. Ltd. \u015eti. Address Kay\u0131\u015fda\u011f\u0131 Cad. Bar\u0131\u015f Sk. No:2 Meri\u00e7 Plaza Kat:4 D:3, 34750 K.Bakkalk\u00f6y, Ata\u015fehir, \u0130stanbul TURKEY.","og_url":"https:\/\/ibu-epd.com\/en\/cooperations\/altensis\/","og_site_name":"Institut Bauen und Umwelt e.V.","article_modified_time":"2017-04-12T12:26:16+00:00","og_image":[{"url":"http:\/\/ibu-epd.com\/wp-content\/uploads\/2015\/12\/altensis_logo-300x136.jpg","type":"","width":"","height":""}],"twitter_card":"summary_large_image","twitter_site":"@IBU_EPD","schema":{"@context":"https:\/\/schema.org","@graph":[{"@type":"WebPage","@id":"https:\/\/ibu-epd.com\/en\/cooperations\/altensis\/","url":"https:\/\/ibu-epd.com\/en\/cooperations\/altensis\/","name":"Altensis | Institut Bauen und Umwelt e.V.","isPartOf":{"@id":"https:\/\/ibu-epd.com\/en\/#website"},"primaryImageOfPage":{"@id":"https:\/\/ibu-epd.com\/en\/cooperations\/altensis\/#primaryimage"},"image":{"@id":"https:\/\/ibu-epd.com\/en\/cooperations\/altensis\/#primaryimage"},"thumbnailUrl":"http:\/\/ibu-epd.com\/wp-content\/uploads\/2015\/12\/altensis_logo-300x136.jpg","datePublished":"2016-02-18T10:19:38+00:00","dateModified":"2017-04-12T12:26:16+00:00","description":"Altensis \u0130n\u015faat Enerji San. Ve Tic. Ltd. \u015eti. Address Kay\u0131\u015fda\u011f\u0131 Cad. Bar\u0131\u015f Sk. No:2 Meri\u00e7 Plaza Kat:4 D:3, 34750 K.Bakkalk\u00f6y, Ata\u015fehir, \u0130stanbul TURKEY.","breadcrumb":{"@id":"https:\/\/ibu-epd.com\/en\/cooperations\/altensis\/#breadcrumb"},"inLanguage":"en-US","potentialAction":[{"@type":"ReadAction","target":["https:\/\/ibu-epd.com\/en\/cooperations\/altensis\/"]}]},{"@type":"ImageObject","inLanguage":"en-US","@id":"https:\/\/ibu-epd.com\/en\/cooperations\/altensis\/#primaryimage","url":"http:\/\/ibu-epd.com\/wp-content\/uploads\/2015\/12\/altensis_logo-300x136.jpg","contentUrl":"http:\/\/ibu-epd.com\/wp-content\/uploads\/2015\/12\/altensis_logo-300x136.jpg"},{"@type":"BreadcrumbList","@id":"https:\/\/ibu-epd.com\/en\/cooperations\/altensis\/#breadcrumb","itemListElement":[{"@type":"ListItem","position":1,"name":"Home","item":"https:\/\/ibu-epd.com\/en\/"},{"@type":"ListItem","position":2,"name":"Cooperations","item":"https:\/\/ibu-epd.com\/en\/cooperations\/"},{"@type":"ListItem","position":3,"name":"Altensis"}]},{"@type":"WebSite","@id":"https:\/\/ibu-epd.com\/en\/#website","url":"https:\/\/ibu-epd.com\/en\/","name":"IBU - Institut Bauen und Umwelt e.V.","description":"Das Detail im Fokus. Das ganze im Blick.","publisher":{"@id":"https:\/\/ibu-epd.com\/en\/#organization"},"potentialAction":[{"@type":"SearchAction","target":{"@type":"EntryPoint","urlTemplate":"https:\/\/ibu-epd.com\/en\/?s={search_term_string}"},"query-input":{"@type":"PropertyValueSpecification","valueRequired":true,"valueName":"search_term_string"}}],"inLanguage":"en-US"},{"@type":"Organization","@id":"https:\/\/ibu-epd.com\/en\/#organization","name":"Institut Bauen und Umwelt e.V.","url":"https:\/\/ibu-epd.com\/en\/","logo":{"@type":"ImageObject","inLanguage":"en-US","@id":"https:\/\/ibu-epd.com\/en\/#\/schema\/logo\/image\/","url":"https:\/\/ibu-epd.com\/wp-content\/uploads\/2016\/01\/ibu_logo_rgb_outline-weiss-retina.png","contentUrl":"https:\/\/ibu-epd.com\/wp-content\/uploads\/2016\/01\/ibu_logo_rgb_outline-weiss-retina.png","width":250,"height":281,"caption":"Institut Bauen und Umwelt e.V."},"image":{"@id":"https:\/\/ibu-epd.com\/en\/#\/schema\/logo\/image\/"},"sameAs":["https:\/\/x.com\/IBU_EPD"]}]}},"_links":{"self":[{"href":"https:\/\/ibu-epd.com\/en\/wp-json\/wp\/v2\/pages\/2794","targetHints":{"allow":["GET"]}}],"collection":[{"href":"https:\/\/ibu-epd.com\/en\/wp-json\/wp\/v2\/pages"}],"about":[{"href":"https:\/\/ibu-epd.com\/en\/wp-json\/wp\/v2\/types\/page"}],"author":[{"embeddable":true,"href":"https:\/\/ibu-epd.com\/en\/wp-json\/wp\/v2\/users\/3"}],"replies":[{"embeddable":true,"href":"https:\/\/ibu-epd.com\/en\/wp-json\/wp\/v2\/comments?post=2794"}],"version-history":[{"count":1,"href":"https:\/\/ibu-epd.com\/en\/wp-json\/wp\/v2\/pages\/2794\/revisions"}],"predecessor-version":[{"id":18085,"href":"https:\/\/ibu-epd.com\/en\/wp-json\/wp\/v2\/pages\/2794\/revisions\/18085"}],"up":[{"embeddable":true,"href":"https:\/\/ibu-epd.com\/en\/wp-json\/wp\/v2\/pages\/12616"}],"wp:attachment":[{"href":"https:\/\/ibu-epd.com\/en\/wp-json\/wp\/v2\/media?parent=2794"}],"curies":[{"name":"wp","href":"https:\/\/api.w.org\/{rel}","templated":true}]}}