{"id":2556,"date":"2016-02-16T11:42:45","date_gmt":"2016-02-16T10:42:45","guid":{"rendered":"http:\/\/ibu-epd.com\/en\/?page_id=2556"},"modified":"2026-02-17T11:54:17","modified_gmt":"2026-02-17T10:54:17","slug":"the-advisory-board-svr","status":"publish","type":"page","link":"https:\/\/ibu-epd.com\/en\/ibu\/the-advisory-board-svr\/","title":{"rendered":"Advisory Board (SVR)"},"content":{"rendered":"<div class=\"fusion-fullwidth fullwidth-box fusion-builder-row-1 fusion-flex-container nonhundred-percent-fullwidth non-hundred-percent-height-scrolling\" style=\"--awb-border-radius-top-left:0px;--awb-border-radius-top-right:0px;--awb-border-radius-bottom-right:0px;--awb-border-radius-bottom-left:0px;--awb-flex-wrap:wrap;\" ><div class=\"fusion-builder-row fusion-row fusion-flex-align-items-flex-start fusion-flex-content-wrap\" style=\"max-width:98.8%;margin-left: calc(-4% \/ 2 );margin-right: calc(-4% \/ 2 );\"><div class=\"fusion-layout-column fusion_builder_column fusion-builder-column-0 fusion_builder_column_1_1 1_1 fusion-flex-column\" style=\"--awb-bg-size:cover;--awb-width-large:100%;--awb-margin-top-large:0px;--awb-spacing-right-large:1.92%;--awb-margin-bottom-large:0px;--awb-spacing-left-large:1.92%;--awb-width-medium:100%;--awb-spacing-right-medium:1.92%;--awb-spacing-left-medium:1.92%;--awb-width-small:100%;--awb-spacing-right-small:1.92%;--awb-spacing-left-small:1.92%;\"><div class=\"fusion-column-wrapper fusion-flex-justify-content-flex-start fusion-content-layout-column\"><div class=\"fusion-text fusion-text-1\" style=\"--awb-content-alignment:left;\"><h1 style=\"text-align: justify;\"><img decoding=\"async\" class=\"wp-image-937 size-thumbnail alignleft\" src=\"https:\/\/ibu-epd.com\/wp-content\/uploads\/2015\/12\/svr-150x150.png\" alt=\"SVR\" width=\"150\" height=\"150\" srcset=\"https:\/\/ibu-epd.com\/wp-content\/uploads\/2015\/12\/svr-66x66.png 66w, https:\/\/ibu-epd.com\/wp-content\/uploads\/2015\/12\/svr-150x150.png 150w, https:\/\/ibu-epd.com\/wp-content\/uploads\/2015\/12\/svr.png 169w\" sizes=\"(max-width: 150px) 100vw, 150px\" \/><\/h1>\n<h1>The Advisory Board: Independent Experts Ensure Quality<\/h1>\n<p>As the top-level expert body, the Advisory Board ensures the quality of work at the IBU. The members of the Advisory Board are experts from such areas as science and standardisation, construction and environmental authorities, and nature conservation associations. They work on a pro bono basis to monitor compliance with standards and to ensure the quality of <a href=\"https:\/\/ibu-epd.com\/en\/epd-programme\/\">the verification process<\/a> in the IBU&#8217;s EPD programme. The Advisory Board is responsible for the review and approval of the Product Category Rules (PCR). Life cycle assessment issues are also discussed at Advisory Board meetings, e.g. in relation to specific EPD projects. When selecting and appointing <a href=\"https:\/\/ibu-epd.com\/en\/ibu\/verifiers\/\">independent verifiers<\/a>, the Advisory Board sets high standards, so as to ensure thorough testing of the EPDs.<\/p>\n<p style=\"text-align: justify;\">The tasks of the advisory board are laid down in the statutes.<\/p>\n<h2 style=\"text-align: justify;\">The Institut Bauen und Umwelt e. V. Advisory Board:<\/h2>\n<ul>\n<li>Dr. Frank Werner, Environment &amp; Development St. Gallen (Obmann)<\/li>\n<li>Dr. Tanja Brockmann, BBSR Berlin<\/li>\n<li>Dr.-Ing. Hans-Carsten K\u00fchne, Bundesanstalt f\u00fcr Materialforschung und -pr\u00fcfung&nbsp;<\/li>\n<li>Dipl.-Ing. Markus Taubert, Umweltbundesamt Dessau<\/li>\n<li>Prof. Dipl.-Ing. Anne-Caroline Erbst\u00f6\u00dfer, Hauptverband der Deutschen Bauindustrie<\/li>\n<li>Prof. Dr. Bruno Hauer, TH N\u00fcrnberg&nbsp;<\/li>\n<li>Dr. Eva Schmincke, DNR T\u00fcbingen<\/li>\n<li>Dipl.-Ing. Johannes Krei\u00dfig, DGNB GmbH&nbsp;<\/li>\n<li>Dr. Marco Muhl, IBU Verify GmbH<\/li>\n<li>M. Eng. Stefan Zwerenz, IBU Verify GmbH<\/li>\n<li>Prof. Dr. Markus Berger, University of Twente<\/li>\n<\/ul>\n<\/div><\/div><\/div><\/div><\/div>\n","protected":false},"excerpt":{"rendered":"","protected":false},"author":3,"featured_media":0,"parent":13231,"menu_order":0,"comment_status":"closed","ping_status":"closed","template":"","meta":{"_bbp_topic_count":0,"_bbp_reply_count":0,"_bbp_total_topic_count":0,"_bbp_total_reply_count":0,"_bbp_voice_count":0,"_bbp_anonymous_reply_count":0,"_bbp_topic_count_hidden":0,"_bbp_reply_count_hidden":0,"_bbp_forum_subforum_count":0,"ngg_post_thumbnail":0,"footnotes":""},"class_list":["post-2556","page","type-page","status-publish","hentry"],"yoast_head":"<!-- This site is optimized with the Yoast SEO plugin v27.0 - https:\/\/yoast.com\/product\/yoast-seo-wordpress\/ -->\n<title>Advisory Board | Institut Bauen und Umwelt e.V.<\/title>\n<meta name=\"description\" content=\"The Advisory Board is the supreme professional body of the IBU. It monitors the standard consistency and the quality of the verification process.\" \/>\n<meta name=\"robots\" content=\"index, follow, max-snippet:-1, max-image-preview:large, max-video-preview:-1\" \/>\n<link rel=\"canonical\" href=\"https:\/\/ibu-epd.com\/en\/ibu\/the-advisory-board-svr\/\" \/>\n<meta property=\"og:locale\" content=\"en_US\" \/>\n<meta property=\"og:type\" content=\"article\" \/>\n<meta property=\"og:title\" content=\"Advisory Board | Institut Bauen und Umwelt e.V.\" \/>\n<meta property=\"og:description\" content=\"The Advisory Board is the supreme professional body of the IBU. It monitors the standard consistency and the quality of the verification process.\" \/>\n<meta property=\"og:url\" content=\"https:\/\/ibu-epd.com\/en\/ibu\/the-advisory-board-svr\/\" \/>\n<meta property=\"og:site_name\" content=\"Institut Bauen und Umwelt e.V.\" \/>\n<meta property=\"article:modified_time\" content=\"2026-02-17T10:54:17+00:00\" \/>\n<meta property=\"og:image\" content=\"https:\/\/ibu-epd.com\/wp-content\/uploads\/2015\/12\/svr.png\" \/>\n\t<meta property=\"og:image:width\" content=\"169\" \/>\n\t<meta property=\"og:image:height\" content=\"170\" \/>\n\t<meta property=\"og:image:type\" content=\"image\/png\" \/>\n<meta name=\"twitter:card\" content=\"summary_large_image\" \/>\n<meta name=\"twitter:site\" content=\"@IBU_EPD\" \/>\n<meta name=\"twitter:label1\" content=\"Est. reading time\" \/>\n\t<meta name=\"twitter:data1\" content=\"2 minutes\" \/>\n<script type=\"application\/ld+json\" class=\"yoast-schema-graph\">{\"@context\":\"https:\/\/schema.org\",\"@graph\":[{\"@type\":\"WebPage\",\"@id\":\"https:\/\/ibu-epd.com\/en\/ibu\/the-advisory-board-svr\/\",\"url\":\"https:\/\/ibu-epd.com\/en\/ibu\/the-advisory-board-svr\/\",\"name\":\"Advisory Board | Institut Bauen und Umwelt e.V.\",\"isPartOf\":{\"@id\":\"https:\/\/ibu-epd.com\/en\/#website\"},\"primaryImageOfPage\":{\"@id\":\"https:\/\/ibu-epd.com\/en\/ibu\/the-advisory-board-svr\/#primaryimage\"},\"image\":{\"@id\":\"https:\/\/ibu-epd.com\/en\/ibu\/the-advisory-board-svr\/#primaryimage\"},\"thumbnailUrl\":\"https:\/\/ibu-epd.com\/wp-content\/uploads\/2015\/12\/svr-150x150.png\",\"datePublished\":\"2016-02-16T10:42:45+00:00\",\"dateModified\":\"2026-02-17T10:54:17+00:00\",\"description\":\"The Advisory Board is the supreme professional body of the IBU. It monitors the standard consistency and the quality of the verification process.\",\"breadcrumb\":{\"@id\":\"https:\/\/ibu-epd.com\/en\/ibu\/the-advisory-board-svr\/#breadcrumb\"},\"inLanguage\":\"en-US\",\"potentialAction\":[{\"@type\":\"ReadAction\",\"target\":[\"https:\/\/ibu-epd.com\/en\/ibu\/the-advisory-board-svr\/\"]}]},{\"@type\":\"ImageObject\",\"inLanguage\":\"en-US\",\"@id\":\"https:\/\/ibu-epd.com\/en\/ibu\/the-advisory-board-svr\/#primaryimage\",\"url\":\"https:\/\/ibu-epd.com\/wp-content\/uploads\/2015\/12\/svr-150x150.png\",\"contentUrl\":\"https:\/\/ibu-epd.com\/wp-content\/uploads\/2015\/12\/svr-150x150.png\"},{\"@type\":\"BreadcrumbList\",\"@id\":\"https:\/\/ibu-epd.com\/en\/ibu\/the-advisory-board-svr\/#breadcrumb\",\"itemListElement\":[{\"@type\":\"ListItem\",\"position\":1,\"name\":\"Home\",\"item\":\"https:\/\/ibu-epd.com\/en\/\"},{\"@type\":\"ListItem\",\"position\":2,\"name\":\"IBU \u2013 Institut Bauen und Umwelt e.V.\",\"item\":\"https:\/\/ibu-epd.com\/en\/ibu\/\"},{\"@type\":\"ListItem\",\"position\":3,\"name\":\"Advisory Board (SVR)\"}]},{\"@type\":\"WebSite\",\"@id\":\"https:\/\/ibu-epd.com\/en\/#website\",\"url\":\"https:\/\/ibu-epd.com\/en\/\",\"name\":\"IBU - Institut Bauen und Umwelt e.V.\",\"description\":\"Das Detail im Fokus. Das ganze im Blick.\",\"publisher\":{\"@id\":\"https:\/\/ibu-epd.com\/en\/#organization\"},\"potentialAction\":[{\"@type\":\"SearchAction\",\"target\":{\"@type\":\"EntryPoint\",\"urlTemplate\":\"https:\/\/ibu-epd.com\/en\/?s={search_term_string}\"},\"query-input\":{\"@type\":\"PropertyValueSpecification\",\"valueRequired\":true,\"valueName\":\"search_term_string\"}}],\"inLanguage\":\"en-US\"},{\"@type\":\"Organization\",\"@id\":\"https:\/\/ibu-epd.com\/en\/#organization\",\"name\":\"Institut Bauen und Umwelt e.V.\",\"url\":\"https:\/\/ibu-epd.com\/en\/\",\"logo\":{\"@type\":\"ImageObject\",\"inLanguage\":\"en-US\",\"@id\":\"https:\/\/ibu-epd.com\/en\/#\/schema\/logo\/image\/\",\"url\":\"https:\/\/ibu-epd.com\/wp-content\/uploads\/2016\/01\/ibu_logo_rgb_outline-weiss-retina.png\",\"contentUrl\":\"https:\/\/ibu-epd.com\/wp-content\/uploads\/2016\/01\/ibu_logo_rgb_outline-weiss-retina.png\",\"width\":250,\"height\":281,\"caption\":\"Institut Bauen und Umwelt e.V.\"},\"image\":{\"@id\":\"https:\/\/ibu-epd.com\/en\/#\/schema\/logo\/image\/\"},\"sameAs\":[\"https:\/\/x.com\/IBU_EPD\"]}]}<\/script>\n<!-- \/ Yoast SEO plugin. -->","yoast_head_json":{"title":"Advisory Board | Institut Bauen und Umwelt e.V.","description":"The Advisory Board is the supreme professional body of the IBU. It monitors the standard consistency and the quality of the verification process.","robots":{"index":"index","follow":"follow","max-snippet":"max-snippet:-1","max-image-preview":"max-image-preview:large","max-video-preview":"max-video-preview:-1"},"canonical":"https:\/\/ibu-epd.com\/en\/ibu\/the-advisory-board-svr\/","og_locale":"en_US","og_type":"article","og_title":"Advisory Board | Institut Bauen und Umwelt e.V.","og_description":"The Advisory Board is the supreme professional body of the IBU. It monitors the standard consistency and the quality of the verification process.","og_url":"https:\/\/ibu-epd.com\/en\/ibu\/the-advisory-board-svr\/","og_site_name":"Institut Bauen und Umwelt e.V.","article_modified_time":"2026-02-17T10:54:17+00:00","og_image":[{"width":169,"height":170,"url":"https:\/\/ibu-epd.com\/wp-content\/uploads\/2015\/12\/svr.png","type":"image\/png"}],"twitter_card":"summary_large_image","twitter_site":"@IBU_EPD","twitter_misc":{"Est. reading time":"2 minutes"},"schema":{"@context":"https:\/\/schema.org","@graph":[{"@type":"WebPage","@id":"https:\/\/ibu-epd.com\/en\/ibu\/the-advisory-board-svr\/","url":"https:\/\/ibu-epd.com\/en\/ibu\/the-advisory-board-svr\/","name":"Advisory Board | Institut Bauen und Umwelt e.V.","isPartOf":{"@id":"https:\/\/ibu-epd.com\/en\/#website"},"primaryImageOfPage":{"@id":"https:\/\/ibu-epd.com\/en\/ibu\/the-advisory-board-svr\/#primaryimage"},"image":{"@id":"https:\/\/ibu-epd.com\/en\/ibu\/the-advisory-board-svr\/#primaryimage"},"thumbnailUrl":"https:\/\/ibu-epd.com\/wp-content\/uploads\/2015\/12\/svr-150x150.png","datePublished":"2016-02-16T10:42:45+00:00","dateModified":"2026-02-17T10:54:17+00:00","description":"The Advisory Board is the supreme professional body of the IBU. It monitors the standard consistency and the quality of the verification process.","breadcrumb":{"@id":"https:\/\/ibu-epd.com\/en\/ibu\/the-advisory-board-svr\/#breadcrumb"},"inLanguage":"en-US","potentialAction":[{"@type":"ReadAction","target":["https:\/\/ibu-epd.com\/en\/ibu\/the-advisory-board-svr\/"]}]},{"@type":"ImageObject","inLanguage":"en-US","@id":"https:\/\/ibu-epd.com\/en\/ibu\/the-advisory-board-svr\/#primaryimage","url":"https:\/\/ibu-epd.com\/wp-content\/uploads\/2015\/12\/svr-150x150.png","contentUrl":"https:\/\/ibu-epd.com\/wp-content\/uploads\/2015\/12\/svr-150x150.png"},{"@type":"BreadcrumbList","@id":"https:\/\/ibu-epd.com\/en\/ibu\/the-advisory-board-svr\/#breadcrumb","itemListElement":[{"@type":"ListItem","position":1,"name":"Home","item":"https:\/\/ibu-epd.com\/en\/"},{"@type":"ListItem","position":2,"name":"IBU \u2013 Institut Bauen und Umwelt e.V.","item":"https:\/\/ibu-epd.com\/en\/ibu\/"},{"@type":"ListItem","position":3,"name":"Advisory Board (SVR)"}]},{"@type":"WebSite","@id":"https:\/\/ibu-epd.com\/en\/#website","url":"https:\/\/ibu-epd.com\/en\/","name":"IBU - Institut Bauen und Umwelt e.V.","description":"Das Detail im Fokus. Das ganze im Blick.","publisher":{"@id":"https:\/\/ibu-epd.com\/en\/#organization"},"potentialAction":[{"@type":"SearchAction","target":{"@type":"EntryPoint","urlTemplate":"https:\/\/ibu-epd.com\/en\/?s={search_term_string}"},"query-input":{"@type":"PropertyValueSpecification","valueRequired":true,"valueName":"search_term_string"}}],"inLanguage":"en-US"},{"@type":"Organization","@id":"https:\/\/ibu-epd.com\/en\/#organization","name":"Institut Bauen und Umwelt e.V.","url":"https:\/\/ibu-epd.com\/en\/","logo":{"@type":"ImageObject","inLanguage":"en-US","@id":"https:\/\/ibu-epd.com\/en\/#\/schema\/logo\/image\/","url":"https:\/\/ibu-epd.com\/wp-content\/uploads\/2016\/01\/ibu_logo_rgb_outline-weiss-retina.png","contentUrl":"https:\/\/ibu-epd.com\/wp-content\/uploads\/2016\/01\/ibu_logo_rgb_outline-weiss-retina.png","width":250,"height":281,"caption":"Institut Bauen und Umwelt e.V."},"image":{"@id":"https:\/\/ibu-epd.com\/en\/#\/schema\/logo\/image\/"},"sameAs":["https:\/\/x.com\/IBU_EPD"]}]}},"_links":{"self":[{"href":"https:\/\/ibu-epd.com\/en\/wp-json\/wp\/v2\/pages\/2556","targetHints":{"allow":["GET"]}}],"collection":[{"href":"https:\/\/ibu-epd.com\/en\/wp-json\/wp\/v2\/pages"}],"about":[{"href":"https:\/\/ibu-epd.com\/en\/wp-json\/wp\/v2\/types\/page"}],"author":[{"embeddable":true,"href":"https:\/\/ibu-epd.com\/en\/wp-json\/wp\/v2\/users\/3"}],"replies":[{"embeddable":true,"href":"https:\/\/ibu-epd.com\/en\/wp-json\/wp\/v2\/comments?post=2556"}],"version-history":[{"count":11,"href":"https:\/\/ibu-epd.com\/en\/wp-json\/wp\/v2\/pages\/2556\/revisions"}],"predecessor-version":[{"id":23158,"href":"https:\/\/ibu-epd.com\/en\/wp-json\/wp\/v2\/pages\/2556\/revisions\/23158"}],"up":[{"embeddable":true,"href":"https:\/\/ibu-epd.com\/en\/wp-json\/wp\/v2\/pages\/13231"}],"wp:attachment":[{"href":"https:\/\/ibu-epd.com\/en\/wp-json\/wp\/v2\/media?parent=2556"}],"curies":[{"name":"wp","href":"https:\/\/api.w.org\/{rel}","templated":true}]}}